{"id":119,"date":"2022-11-16T12:42:50","date_gmt":"2022-11-16T11:42:50","guid":{"rendered":"http:\/\/gtaqua.de\/?page_id=119"},"modified":"2022-11-16T16:30:08","modified_gmt":"2022-11-16T15:30:08","slug":"produkte","status":"publish","type":"page","link":"https:\/\/gtaqua.de\/index.php\/produkte\/","title":{"rendered":"Produkte"},"content":{"rendered":"\n<figure class=\"wp-block-image size-full\"><img loading=\"lazy\" decoding=\"async\" width=\"340\" height=\"510\" src=\"http:\/\/gtaqua.de\/wp-content\/uploads\/2022\/11\/gt_aqua_vitaplant.jpg\" alt=\"GTaqua VitaPlant\" class=\"wp-image-44\" srcset=\"https:\/\/gtaqua.de\/wp-content\/uploads\/2022\/11\/gt_aqua_vitaplant.jpg 340w, https:\/\/gtaqua.de\/wp-content\/uploads\/2022\/11\/gt_aqua_vitaplant-200x300.jpg 200w\" sizes=\"auto, (max-width: 340px) 100vw, 340px\" \/><figcaption class=\"wp-element-caption\"><strong>GTaqua VitaPlant<\/strong><\/figcaption><\/figure>\n\n\n\n<p class=\"has-extra-small-font-size\">Allgemeind\u00fcnger f\u00fcr Wasserpflanzen. Es versorgt Wasser mit allen notwendigen N\u00e4hrstoffen, die f\u00fcr ein gesundes Pflanzenwachstum ben\u00f6tigt werden. Es f\u00fchrt Makron\u00e4hrstoffe wie Kalium und Magnesium in das Wasser ein, die normalerweise im Leitungswasser fehlen. Es liefert Mikroelemente wie Eisen, Mangan, Zink, Bor, Kupfer, Molybd\u00e4n, Nickel, Kobalt, die f\u00fcr das richtige Wachstum von Pflanzen notwendig sind. In seiner Zusammensetzung enth\u00e4lt es keine Stickstoff- und Phosphorverbindungen, die, obwohl sie f\u00fcr Pflanzen sehr notwendig sind, die Ursache f\u00fcr Algenwachstum im Aquarium sein k\u00f6nnen. Diese Komponenten in allgemeinen Aquarien stammen am h\u00e4ufigsten aus Fischkot und nicht gefressenen Speiseresten in ausreichender Menge.<\/p>\n\n\n\n<p class=\"has-extra-small-font-size\" style=\"text-decoration:underline\">Gebrauchsanweisung:<\/p>\n\n\n\n<p class=\"has-extra-small-font-size\">Die Spenderpumpe 5x bet\u00e4tigen f\u00fcr eine Wassermenge von 50 ml<br>H\u00e4ufigkeit: 1x die Woche (nach dem Reinigen des Aquariums)<\/p>\n\n\n\n<hr class=\"wp-block-separator aligncenter has-text-color has-alpha-channel-opacity has-background is-style-twentytwentyone-separator-thick\" style=\"background-color:#3641d2;color:#3641d2\"\/>\n\n\n\n<figure class=\"wp-block-image size-full\"><img loading=\"lazy\" decoding=\"async\" width=\"340\" height=\"510\" src=\"http:\/\/gtaqua.de\/wp-content\/uploads\/2022\/11\/gt_aqua_vitafish.jpg\" alt=\"GTaqua VitaFish\" class=\"wp-image-43\" srcset=\"https:\/\/gtaqua.de\/wp-content\/uploads\/2022\/11\/gt_aqua_vitafish.jpg 340w, https:\/\/gtaqua.de\/wp-content\/uploads\/2022\/11\/gt_aqua_vitafish-200x300.jpg 200w\" sizes=\"auto, (max-width: 340px) 100vw, 340px\" \/><figcaption class=\"wp-element-caption\"><strong>GTaqua VitaFish<\/strong><\/figcaption><\/figure>\n\n\n\n<p class=\"has-extra-small-font-size\">Ein Pr\u00e4parat, das einen Komplex von Vitaminen f\u00fcr alle Fische und Garnelen im Aquarium bietet. In seiner Zusammensetzung enth\u00e4lt es eine Reihe von Vitaminen, die f\u00fcr das reibungslose Funktionieren lebender Organismen in einem Aquarium notwendig sind. VitaFish, das regelm\u00e4\u00dfig ins Wasser verabreicht wird, f\u00fcllt eventuelle M\u00e4ngel aus. Ein Produkt, das bei der F\u00fctterung von Fischen mit Tiefk\u00fchlkost sowie verarbeiteten Lebensmitteln erforderlich ist. St\u00e4rkt Vitalit\u00e4t und Widerstandskraft gegen Krankheiten. Wir empfehlen die Verwendung des Pr\u00e4parats besonders bei Fischfortpflanzung, Krankheit, Stresssituationen, Einf\u00fchrung neuer Fische in den Tank sowie bei einer regelm\u00e4\u00dfigen Ern\u00e4hrung.<\/p>\n\n\n\n<p class=\"has-extra-small-font-size\" style=\"text-decoration:underline\">Gebrauchsanweisung<\/p>\n\n\n\n<p class=\"has-extra-small-font-size\">Die Spenderpumpe 5x bet\u00e4tigen f\u00fcr eine Wassermenge von 50 ml<br>H\u00e4ufigkeit: 1x die Woche<\/p>\n\n\n\n<hr class=\"wp-block-separator has-text-color has-alpha-channel-opacity has-background is-style-twentytwentyone-separator-thick\" style=\"background-color:#3641d2;color:#3641d2\"\/>\n\n\n\n<figure class=\"wp-block-image size-full\"><img loading=\"lazy\" decoding=\"async\" width=\"340\" height=\"510\" src=\"http:\/\/gtaqua.de\/wp-content\/uploads\/2022\/11\/gt_aqua_aquavita.jpg\" alt=\"GTaqua AquaVita\" class=\"wp-image-31\" srcset=\"https:\/\/gtaqua.de\/wp-content\/uploads\/2022\/11\/gt_aqua_aquavita.jpg 340w, https:\/\/gtaqua.de\/wp-content\/uploads\/2022\/11\/gt_aqua_aquavita-200x300.jpg 200w\" sizes=\"auto, (max-width: 340px) 100vw, 340px\" \/><figcaption class=\"wp-element-caption\"><strong>GTaqua AquaVita<\/strong><\/figcaption><\/figure>\n\n\n\n<p class=\"has-extra-small-font-size\">Leitungswasser enth\u00e4lt eine Reihe gef\u00e4hrlicher Substanzen f\u00fcr das Leben von Fischen und Garnelen. F\u00fcr Aquarianer, die Leitungswasser verwenden, wurde AquaVita entwickelt. Die Wirkstoffe von AquaVita binden gef\u00e4hrliches Chlor und Chloramin sofort an das Fischleben. Ein weiterer Vorteil des Produkts ist die Neutralisation von giftigen Schwermetallen in Wasser wie Kupfer und Blei. Der AquaVita Conditioner enth\u00e4lt auch B-Vitamine und sch\u00fctzende Kolloide, die Stress bei Fischen reduzieren und Hautverletzungen schnell regenerieren.<\/p>\n\n\n\n<p class=\"has-extra-small-font-size\" style=\"text-decoration:underline\">Gebrauchshinweise:<\/p>\n\n\n\n<p class=\"has-extra-small-font-size\">5 Pressen des Spenders pro 50l Wasser:<\/p>\n\n\n\n<p class=\"has-extra-small-font-size\" style=\"line-height:0\">\u2013 bei der Einrichtung eines neuen Aquariums,<\/p>\n\n\n\n<p class=\"has-extra-small-font-size\" style=\"line-height:0\">\u2013 w\u00e4hrend des w\u00f6chentlichen Wasserwechsels,<\/p>\n\n\n\n<p class=\"has-extra-small-font-size\" style=\"line-height:0\">\u2013 w\u00e4hrend des Transports von Fischen,<\/p>\n\n\n\n<p class=\"has-extra-small-font-size\" style=\"line-height:0\">\u2013 beim Einbringen neuer Fische in das Becken.<\/p>\n\n\n\n<p class=\"has-extra-small-font-size\">Die Zubereitung wird f\u00fcr die Menge an rohem Leitungswasser verwendet, w\u00e4hrend des Transports und der Einf\u00fchrung neuer Fische sollte die Dosis f\u00fcr das gesamte Wasser im Tank berechnet werden.<\/p>\n\n\n\n<hr class=\"wp-block-separator has-text-color has-alpha-channel-opacity has-background is-style-twentytwentyone-separator-thick\" style=\"background-color:#3641d2;color:#3641d2\"\/>\n\n\n\n<figure class=\"wp-block-image size-full\"><img loading=\"lazy\" decoding=\"async\" width=\"340\" height=\"510\" src=\"http:\/\/gtaqua.de\/wp-content\/uploads\/2022\/11\/gt_aqua_Booster-Carbo-min.jpg\" alt=\"GTaqua Booster Carbo\" class=\"wp-image-32\" srcset=\"https:\/\/gtaqua.de\/wp-content\/uploads\/2022\/11\/gt_aqua_Booster-Carbo-min.jpg 340w, https:\/\/gtaqua.de\/wp-content\/uploads\/2022\/11\/gt_aqua_Booster-Carbo-min-200x300.jpg 200w\" sizes=\"auto, (max-width: 340px) 100vw, 340px\" \/><figcaption class=\"wp-element-caption\"><strong>GTaqua Booster Carbo<\/strong><\/figcaption><\/figure>\n\n\n\n<p class=\"has-extra-small-font-size\">D\u00fcnger mit organischem Kohlenstoff f\u00fcr Wasserpflanzen, die in dekorativen Aquarien angebaut werden. Kohlenstoff ist ein Grundn\u00e4hrstoff f\u00fcr Pflanzen. Der Mangel an dieser Komponente in Wasser begrenzt ihr Wachstum erheblich. In Aquarien mit CO2-Installation eingesetzt, verbessert es die Pflegewirkung von Pflanzen.<\/p>\n\n\n\n<p class=\"has-extra-small-font-size\" style=\"text-decoration:underline\">Dosierung:<\/p>\n\n\n\n<p class=\"has-extra-small-font-size\">D\u00fcnger f\u00fcllt schnell und einfach den Mangel an Kohle auf. Das Pr\u00e4parat wird immer zu Beginn des Lichtzyklus des Aquariums mit einer Rate von 1 ml pro 25 l Wasser im Aquarium dosiert.<\/p>\n\n\n\n<p class=\"has-extra-small-font-size\"><strong><em>WARNHINWEIS:<br>Eine \u00dcberdosierung von D\u00fcnger kann zu Nebenwirkungen f\u00fchren.<\/em><\/strong><\/p>\n\n\n\n<hr class=\"wp-block-separator has-text-color has-alpha-channel-opacity has-background is-style-twentytwentyone-separator-thick\" style=\"background-color:#3641d2;color:#3641d2\"\/>\n\n\n\n<figure class=\"wp-block-image size-full\"><img loading=\"lazy\" decoding=\"async\" width=\"340\" height=\"510\" src=\"http:\/\/gtaqua.de\/wp-content\/uploads\/2022\/11\/gt_aqua_Booster-Trace-min.jpg\" alt=\"GTaqua Booster Trace\" class=\"wp-image-41\" srcset=\"https:\/\/gtaqua.de\/wp-content\/uploads\/2022\/11\/gt_aqua_Booster-Trace-min.jpg 340w, https:\/\/gtaqua.de\/wp-content\/uploads\/2022\/11\/gt_aqua_Booster-Trace-min-200x300.jpg 200w\" sizes=\"auto, (max-width: 340px) 100vw, 340px\" \/><figcaption class=\"wp-element-caption\"><strong>GTaqua Booster Trace<\/strong><\/figcaption><\/figure>\n\n\n\n<p class=\"has-extra-small-font-size\">Mikroelementd\u00fcnger f\u00fcr Wasserpflanzen, die in dekorativen Aquarien angebaut werden. Das Pr\u00e4parat enth\u00e4lt eine Reihe von notwendigen Mikroelementen (Eisen und andere Spurenelemente), die von Pflanzen f\u00fcr das richtige Wachstum ben\u00f6tigt werden. Schon ein geringes Defizit dieser Elemente f\u00fchrt zu St\u00f6rungen und sogar zur Hemmung von Entwicklungsprozessen.<\/p>\n\n\n\n<p class=\"has-extra-small-font-size\" style=\"text-decoration:underline\">Dosierung<\/p>\n\n\n\n<p class=\"has-extra-small-font-size\">Das Pr\u00e4parat f\u00fcllt Mikroelementm\u00e4ngel sofort auf. Die Dosis sollte an die individuelle Wachstumsrate der Pflanzen, die Anzahl der Pflanzen, die Beleuchtung und die Wasserh\u00e4rte angepasst werden. Vor der Anwendung gut sch\u00fctteln. T\u00e4glich anwenden. Die empfohlene optimale Dosis betr\u00e4gt 2 ml D\u00fcnger pro 100 l Wasser pro Tag. In Aquarien mit h\u00e4rterem Wasser kann es notwendig sein, die Tagesdosis zu erh\u00f6hen.<\/p>\n\n\n\n<hr class=\"wp-block-separator has-text-color has-alpha-channel-opacity has-background is-style-twentytwentyone-separator-thick\" style=\"background-color:#3641d2;color:#3641d2\"\/>\n\n\n\n<figure class=\"wp-block-image size-full is-resized\"><img loading=\"lazy\" decoding=\"async\" src=\"http:\/\/gtaqua.de\/wp-content\/uploads\/2022\/11\/gt_aqua_Booster-Macro-min.jpg\" alt=\"GTaqua Booster Macro\" class=\"wp-image-36\" width=\"340\" height=\"510\" srcset=\"https:\/\/gtaqua.de\/wp-content\/uploads\/2022\/11\/gt_aqua_Booster-Macro-min.jpg 340w, https:\/\/gtaqua.de\/wp-content\/uploads\/2022\/11\/gt_aqua_Booster-Macro-min-200x300.jpg 200w\" sizes=\"auto, (max-width: 340px) 100vw, 340px\" \/><figcaption class=\"wp-element-caption\"><strong>GTaqua Booster Macro<\/strong><\/figcaption><\/figure>\n\n\n\n<p class=\"has-extra-small-font-size\">Makron\u00e4hrstoffd\u00fcnger f\u00fcr Wasserpflanzen, die in dekorativen S\u00fc\u00dfwasseraquarien angebaut werden. Die Zubereitung ist reich an N\u00e4hrstoffen, die f\u00fcr die richtige Entwicklung von Aquarienpflanzen notwendig sind, d. H. STICKSTOFF, PHOSPHOR und KALIUM. Mangel oder Mangel an Makron\u00e4hrstoffen f\u00fchrt zu schmachtenden \u00e4lteren Bl\u00e4ttern und sogar verk\u00fcmmertem Wachstum.<\/p>\n\n\n\n<p class=\"has-extra-small-font-size\" style=\"text-decoration:underline\">Dosierung<\/p>\n\n\n\n<p class=\"has-extra-small-font-size\">GT Aqua Booster Macro f\u00fcllt Makron\u00e4hrstoffm\u00e4ngel extrem schnell und einfach aus. Die Dosierung sollte an die individuelle Wachstumsrate der Pflanzen im Aquarium angepasst werden. T\u00e4glich anwenden. Vor der Anwendung gut sch\u00fctteln. 2 ml D\u00fcnger in 100 l Wasser erh\u00f6hen die Konzentration: NO3 \u2013 um ca. 1 ppm, PO4 \u2013 um ca. 0,1 ppm, K \u2013 um ca. 0,95 ppm. Ungef\u00e4hre Tagesdosis: 1\u20133 ml pro 100 l.<\/p>\n\n\n\n<hr class=\"wp-block-separator has-text-color has-alpha-channel-opacity has-background is-style-twentytwentyone-separator-thick\" style=\"background-color:#3641d2;color:#3641d2\"\/>\n\n\n\n<figure class=\"wp-block-image size-full\"><img loading=\"lazy\" decoding=\"async\" width=\"340\" height=\"510\" src=\"http:\/\/gtaqua.de\/wp-content\/uploads\/2022\/11\/gt_aqua_Booster-K-min.jpg\" alt=\"GTaqua Booster K\" class=\"wp-image-35\" srcset=\"https:\/\/gtaqua.de\/wp-content\/uploads\/2022\/11\/gt_aqua_Booster-K-min.jpg 340w, https:\/\/gtaqua.de\/wp-content\/uploads\/2022\/11\/gt_aqua_Booster-K-min-200x300.jpg 200w\" sizes=\"auto, (max-width: 340px) 100vw, 340px\" \/><figcaption class=\"wp-element-caption\"><strong>GTaqua Booster K<\/strong><\/figcaption><\/figure>\n\n\n\n<p class=\"has-extra-small-font-size\">Kaliumd\u00fcnger f\u00fcr Wasserpflanzen, die in dekorativen Aquarien angebaut werden. Kalium ist ein sehr wichtiges Element, das am Prozess der Photosynthese von Pflanzen beteiligt ist. Es ist eine mobile Komponente, so dass seine M\u00e4ngel vor allem auf \u00e4lteren Bl\u00e4ttern sichtbar sind. Ein Symptom f\u00fcr Kaliummangel sind br\u00fcchige, br\u00fcchige Bl\u00e4tter und L\u00f6cher auf ihrer Oberfl\u00e4che.<\/p>\n\n\n\n<p class=\"has-extra-small-font-size\" style=\"text-decoration:underline\">Dosierung<\/p>\n\n\n\n<p class=\"has-extra-small-font-size\">Das Pr\u00e4parat f\u00fcllt sofort Kaliummangel auf. Verwenden Sie mit substituiertem Wasser oder dosieren Sie t\u00e4glich in kleinen Mengen. Vor der Anwendung gut sch\u00fctteln. 3 ml D\u00fcnger in 100 l Wasser erh\u00f6hen die Kaliumkonzentration um ca. 1 ppm. Ungef\u00e4hre Tagesdosis: 2-3 ml pro 100 l.<\/p>\n\n\n\n<hr class=\"wp-block-separator has-text-color has-alpha-channel-opacity has-background is-style-twentytwentyone-separator-thick\" style=\"background-color:#3641d2;color:#3641d2\"\/>\n\n\n\n<figure class=\"wp-block-image size-full\"><img loading=\"lazy\" decoding=\"async\" width=\"340\" height=\"510\" src=\"http:\/\/gtaqua.de\/wp-content\/uploads\/2022\/11\/gt_aqua_Booster-N-min-1.jpg\" alt=\"GTaqua Booster N\" class=\"wp-image-39\" srcset=\"https:\/\/gtaqua.de\/wp-content\/uploads\/2022\/11\/gt_aqua_Booster-N-min-1.jpg 340w, https:\/\/gtaqua.de\/wp-content\/uploads\/2022\/11\/gt_aqua_Booster-N-min-1-200x300.jpg 200w\" sizes=\"auto, (max-width: 340px) 100vw, 340px\" \/><figcaption class=\"wp-element-caption\"><strong>GTaqua Booster N<\/strong><\/figcaption><\/figure>\n\n\n\n<p class=\"has-extra-small-font-size\">Stickstoffd\u00fcnger f\u00fcr Wasserpflanzen, die in dekorativen Aquarien angebaut werden. Stickstoff ist nach Kohlenstoff der wichtigste N\u00e4hrstoff f\u00fcr Pflanzen. Es baut Proteine, Nukleins\u00e4uren und Chlorophyll auf. Die hohe Mobilit\u00e4t des Elements bedeutet, dass seine M\u00e4ngel auf den \u00e4lteren Bl\u00e4ttern der Pflanze sichtbar sind. Das erste Anzeichen f\u00fcr unzureichenden Stickstoff ist eine verlangsamte Wachstumsrate von Pflanzen.<\/p>\n\n\n\n<p class=\"has-extra-small-font-size\" style=\"text-decoration:underline\">Dosierung<\/p>\n\n\n\n<p class=\"has-extra-small-font-size\">Das Pr\u00e4parat f\u00fcllt Stickstoffmangel schnell auf. Es erh\u00f6ht leicht die H\u00e4rte von GH. T\u00e4glich anwenden. Vor der Anwendung gut sch\u00fctteln. 2 ml D\u00fcnger in 100 l Wasser erh\u00f6hen die Nitratkonzentration um ca. 1 ppm. Die Dosierung sollte an die individuelle Wachstumsrate der Pflanzen im Aquarium angepasst werden. Ungef\u00e4hre Tagesdosis: 1-3 ml pro 100 l.<\/p>\n\n\n\n<hr class=\"wp-block-separator has-text-color has-alpha-channel-opacity has-background is-style-twentytwentyone-separator-thick\" style=\"background-color:#3641d2;color:#3641d2\"\/>\n\n\n\n<figure class=\"wp-block-image size-full\"><img loading=\"lazy\" decoding=\"async\" width=\"340\" height=\"510\" src=\"http:\/\/gtaqua.de\/wp-content\/uploads\/2022\/11\/gt_aqua_Booster-P-min.jpg\" alt=\"GTaqua Booster P\" class=\"wp-image-40\" srcset=\"https:\/\/gtaqua.de\/wp-content\/uploads\/2022\/11\/gt_aqua_Booster-P-min.jpg 340w, https:\/\/gtaqua.de\/wp-content\/uploads\/2022\/11\/gt_aqua_Booster-P-min-200x300.jpg 200w\" sizes=\"auto, (max-width: 340px) 100vw, 340px\" \/><figcaption class=\"wp-element-caption\"><strong>GTaqua Booster P<\/strong><\/figcaption><\/figure>\n\n\n\n<p class=\"has-extra-small-font-size\">Phosphord\u00fcnger f\u00fcr Wasserpflanzen, die in dekorativen Aquarien angebaut werden. Phosphor ist ein sehr wichtiges Makroelement, das Bestandteil von Nukleins\u00e4uren und Phospholipiden in der Pflanze ist. Anzeichen f\u00fcr einen Phosphormangel sind: Verlangsamung der Wachstumsrate, \u00c4nderung der Farbe der Bl\u00e4tter in Violett oder Schw\u00e4rzung der Blattspitzen.<\/p>\n\n\n\n<p class=\"has-extra-small-font-size\" style=\"text-decoration:underline\">Dosierung<\/p>\n\n\n\n<p class=\"has-extra-small-font-size\">Das Pr\u00e4parat f\u00fcllt Phosphormangel sofort auf. T\u00e4glich anwenden. Vor der Anwendung gut sch\u00fctteln. 2 ml D\u00fcnger in 100 l Wasser erh\u00f6hen die Phosphatkonzentration um ca. 0,1 ppm. Die Dosierung sollte an die individuelle Wachstumsrate der Pflanzen im Aquarium angepasst werden. Ungef\u00e4hre Tagesdosis: 1-3 ml pro 100 l.<\/p>\n\n\n\n<hr class=\"wp-block-separator has-text-color has-alpha-channel-opacity has-background is-style-twentytwentyone-separator-thick\" style=\"background-color:#3641d2;color:#3641d2\"\/>\n\n\n\n<figure class=\"wp-block-image size-full\"><img loading=\"lazy\" decoding=\"async\" width=\"340\" height=\"510\" src=\"http:\/\/gtaqua.de\/wp-content\/uploads\/2022\/11\/gt_aqua_Booster-Fe-min.jpg\" alt=\"GTaqua Booster Fe\" class=\"wp-image-33\" srcset=\"https:\/\/gtaqua.de\/wp-content\/uploads\/2022\/11\/gt_aqua_Booster-Fe-min.jpg 340w, https:\/\/gtaqua.de\/wp-content\/uploads\/2022\/11\/gt_aqua_Booster-Fe-min-200x300.jpg 200w\" sizes=\"auto, (max-width: 340px) 100vw, 340px\" \/><figcaption class=\"wp-element-caption\"><strong>GTaqua Booster Fe<\/strong><\/figcaption><\/figure>\n\n\n\n<p class=\"has-extra-small-font-size\">Eisend\u00fcnger f\u00fcr Wasserpflanzen, die in dekorativen Aquarien angebaut werden. Eisen wird als essentielles Mikroelement eingestuft und ist an der Produktion von Chlorophyll von Pflanzen beteiligt. Eisenmangel f\u00fchrt zu einer Hemmung des Prozesses der Chlorophyllsynthese, die sich durch Gelbf\u00e4rbung der Bl\u00e4tter manifestiert.<\/p>\n\n\n\n<p class=\"has-extra-small-font-size\" style=\"text-decoration:underline\">Dosierung<\/p>\n\n\n\n<p class=\"has-extra-small-font-size\">Das Pr\u00e4parat f\u00fcllt Eisenmangel sofort auf. T\u00e4glich anwenden. Vor der Anwendung gut sch\u00fctteln. 2 ml D\u00fcnger in 100 l Wasser erh\u00f6hen die Eisenkonzentration \u2013 um ca. 0,05 ppm. Die Dosierung sollte an die individuelle Wachstumsrate der Pflanzen im Aquarium angepasst werden. Ungef\u00e4hre Tagesdosis: 1\u20132 ml pro 100 l.<\/p>\n\n\n\n<hr class=\"wp-block-separator has-text-color has-alpha-channel-opacity has-background is-style-twentytwentyone-separator-thick\" style=\"background-color:#3641d2;color:#3641d2\"\/>\n\n\n\n<figure class=\"wp-block-image size-full\"><img loading=\"lazy\" decoding=\"async\" width=\"340\" height=\"510\" src=\"http:\/\/gtaqua.de\/wp-content\/uploads\/2022\/11\/gt_aqua_Booster-Mg-min.jpg\" alt=\"GTaqua Booster Mg\" class=\"wp-image-37\" srcset=\"https:\/\/gtaqua.de\/wp-content\/uploads\/2022\/11\/gt_aqua_Booster-Mg-min.jpg 340w, https:\/\/gtaqua.de\/wp-content\/uploads\/2022\/11\/gt_aqua_Booster-Mg-min-200x300.jpg 200w\" sizes=\"auto, (max-width: 340px) 100vw, 340px\" \/><figcaption class=\"wp-element-caption\"><strong>GTaqua Booster Mg<\/strong><\/figcaption><\/figure>\n\n\n\n<p class=\"has-extra-small-font-size\">Magnesiumpr\u00e4parat f\u00fcr Wasserpflanzen, die in dekorativen Aquarien angebaut werden. Magnesium ist ein Komponentenmolek\u00fcl von Chlorophyll, einem organischen Farbstoff, der eine wichtige Rolle bei Photosyntheseprozessen spielt. Mangel oder Mangel an Magnesium manifestiert sich durch gelbe Flecken in den eingeatmeten Bereichen des Blattes. Die Aufrechterhaltung des richtigen Verh\u00e4ltnisses von Magnesium zu Kalzium ist der Schl\u00fcssel zu gesundem Pflanzenwachstum.<\/p>\n\n\n\n<p class=\"has-extra-small-font-size\" style=\"text-decoration:underline\">Dosierung<\/p>\n\n\n\n<p class=\"has-extra-small-font-size\">Das Pr\u00e4parat f\u00fcllt schnell Magnesiummangel auf. Verwenden Sie es bei Anzeichen eines Defizits dieses Makroelements oder bei der Korrektur der Parameter von Wasser, das aus einem Umkehrosmosefilter gewonnen wird. Vor der Anwendung gut sch\u00fctteln. 1 ml der Zubereitung in 10 l Wasser erh\u00f6ht die Magnesiumkonzentration um ca. 2 ppm.<\/p>\n\n\n\n<hr class=\"wp-block-separator has-text-color has-alpha-channel-opacity has-background is-style-twentytwentyone-separator-thick\" style=\"background-color:#3641d2;color:#3641d2\"\/>\n\n\n\n<figure class=\"wp-block-image size-full\"><img loading=\"lazy\" decoding=\"async\" width=\"340\" height=\"510\" src=\"http:\/\/gtaqua.de\/wp-content\/uploads\/2022\/11\/GTa-Foto-Booster-Ca-min.jpg\" alt=\"GTaqua Booster Ca\" class=\"wp-image-144\" srcset=\"https:\/\/gtaqua.de\/wp-content\/uploads\/2022\/11\/GTa-Foto-Booster-Ca-min.jpg 340w, https:\/\/gtaqua.de\/wp-content\/uploads\/2022\/11\/GTa-Foto-Booster-Ca-min-200x300.jpg 200w\" sizes=\"auto, (max-width: 340px) 100vw, 340px\" \/><figcaption class=\"wp-element-caption\"><strong>GTaqua Booster Ca<\/strong><\/figcaption><\/figure>\n\n\n\n<p class=\"has-extra-small-font-size\">Kalziumpr\u00e4parat f\u00fcr Wasserpflanzen, die in dekorativen Aquarien angebaut werden. Kalzium wird als Makroelement klassifiziert, das am Aufbau der Zellw\u00e4nde von Pflanzen beteiligt ist, weshalb es ein wesentliches Element f\u00fcr die Aufrechterhaltung des richtigen Pflanzenwachstums ist. Bei Verwendung von Wasser aus einem Umkehrosmosefilter (RO) ist es notwendig, dieses Element aufzuf\u00fcllen. Das Pr\u00e4parat korrigiert die Parameter des Wassers, wodurch die entsprechenden Anteile von Kalzium zu Magnesium bei der Mineralisierung von Wasser aufrechterhalten werden.<\/p>\n\n\n\n<p class=\"has-extra-small-font-size\" style=\"text-decoration:underline\">Dosierung<\/p>\n\n\n\n<p class=\"has-extra-small-font-size\">Das Pr\u00e4parat f\u00fcllt Kalziummangel schnell auf. Vor der Anwendung gut sch\u00fctteln. 1 ml der Zubereitung in 10 l Wasser erh\u00f6ht die Konzentration von Kalzium um ca. 6 ppm.<\/p>\n\n\n\n<hr class=\"wp-block-separator has-text-color has-alpha-channel-opacity has-background is-style-twentytwentyone-separator-thick\" style=\"background-color:#3641d2;color:#3641d2\"\/>\n\n\n\n<figure class=\"wp-block-image size-full\"><img loading=\"lazy\" decoding=\"async\" width=\"340\" height=\"510\" src=\"http:\/\/gtaqua.de\/wp-content\/uploads\/2022\/11\/gt_aqua_Booster-GH-min.jpg\" alt=\"GTaqua Booster GH\" class=\"wp-image-34\" srcset=\"https:\/\/gtaqua.de\/wp-content\/uploads\/2022\/11\/gt_aqua_Booster-GH-min.jpg 340w, https:\/\/gtaqua.de\/wp-content\/uploads\/2022\/11\/gt_aqua_Booster-GH-min-200x300.jpg 200w\" sizes=\"auto, (max-width: 340px) 100vw, 340px\" \/><figcaption class=\"wp-element-caption\"><strong>GTaqua Booster GH<\/strong><\/figcaption><\/figure>\n\n\n\n<p class=\"has-extra-small-font-size\">Mineralisator f\u00fcr Anlagentanks, in denen Wasser aus dem Umkehrosmosefilter (RO) verwendet wird. Das Produkt reichert Wasser mit Kalzium und Magnesium im Verh\u00e4ltnis 3: 1 an. Kalzium und Magnesium bauen die Gesamth\u00e4rte des Wassers auf, der Mineralisator erh\u00f6ht nicht die Karbonath\u00e4rte von Wasser. Um das Verh\u00e4ltnis von Kalzium und Magnesium f\u00fcr die individuellen Bed\u00fcrfnisse des Aquariums zu w\u00e4hlen, empfehlen wir die gleichzeitige Anwendung weiterer Produkte aus der Booster-Serie: GT aqua Booster Ca und GT aqua Booster Mg.<\/p>\n\n\n\n<p class=\"has-extra-small-font-size\" style=\"text-decoration:underline\">Dosierung<\/p>\n\n\n\n<p class=\"has-extra-small-font-size\">Das Pr\u00e4parat wird mit der Menge an reinem RO-Wasser dosiert, um es mit Mineralien anzureichern. Nur einmal nach vorherigem Wasserwechsel verwenden. Die gemessene Dosis wird in min aufgel\u00f6st. 500ml Wasser. Nach der Verabreichung der Zubereitung ist es notwendig, eine solche Bewegung von Wasser sicherzustellen, dass sich der Mineralisator aufl\u00f6sen kann. Sch\u00fctteln Sie das Produkt ca. 1 min vor Gebrauch. 1 ml Mineralisator in 10 l Wasser erh\u00f6ht die Konzentration von Kalzium um ca. 3 ppm und Magnesium um ca. 1 ppm. Ungef\u00e4hre Dosierung f\u00fcr RO-Wasser: 7-10 ml pro 10 l (was GH 4,5-6,5 ergibt).<\/p>\n\n\n\n<hr class=\"wp-block-separator has-text-color has-alpha-channel-opacity has-background is-style-twentytwentyone-separator-thick\" style=\"background-color:#3641d2;color:#3641d2\"\/>\n","protected":false},"excerpt":{"rendered":"<p>Allgemeind\u00fcnger f\u00fcr Wasserpflanzen. Es versorgt Wasser mit allen notwendigen N\u00e4hrstoffen, die f\u00fcr ein gesundes Pflanzenwachstum ben\u00f6tigt werden. Es f\u00fchrt Makron\u00e4hrstoffe wie Kalium und Magnesium in das Wasser ein, die normalerweise im Leitungswasser fehlen. Es liefert Mikroelemente wie Eisen, Mangan, Zink, Bor, Kupfer, Molybd\u00e4n, Nickel, Kobalt, die f\u00fcr das richtige Wachstum von Pflanzen notwendig sind. In&hellip; <a class=\"more-link\" href=\"https:\/\/gtaqua.de\/index.php\/produkte\/\">Continue reading <span class=\"screen-reader-text\">Produkte<\/span><\/a><\/p>\n","protected":false},"author":1,"featured_media":0,"parent":0,"menu_order":0,"comment_status":"closed","ping_status":"closed","template":"","meta":{"footnotes":""},"class_list":["post-119","page","type-page","status-publish","hentry","entry"],"_links":{"self":[{"href":"https:\/\/gtaqua.de\/index.php\/wp-json\/wp\/v2\/pages\/119","targetHints":{"allow":["GET"]}}],"collection":[{"href":"https:\/\/gtaqua.de\/index.php\/wp-json\/wp\/v2\/pages"}],"about":[{"href":"https:\/\/gtaqua.de\/index.php\/wp-json\/wp\/v2\/types\/page"}],"author":[{"embeddable":true,"href":"https:\/\/gtaqua.de\/index.php\/wp-json\/wp\/v2\/users\/1"}],"replies":[{"embeddable":true,"href":"https:\/\/gtaqua.de\/index.php\/wp-json\/wp\/v2\/comments?post=119"}],"version-history":[{"count":18,"href":"https:\/\/gtaqua.de\/index.php\/wp-json\/wp\/v2\/pages\/119\/revisions"}],"predecessor-version":[{"id":149,"href":"https:\/\/gtaqua.de\/index.php\/wp-json\/wp\/v2\/pages\/119\/revisions\/149"}],"wp:attachment":[{"href":"https:\/\/gtaqua.de\/index.php\/wp-json\/wp\/v2\/media?parent=119"}],"curies":[{"name":"wp","href":"https:\/\/api.w.org\/{rel}","templated":true}]}}