{"id":126,"date":"2022-11-16T15:18:38","date_gmt":"2022-11-16T14:18:38","guid":{"rendered":"http:\/\/gtaqua.de\/?page_id=126"},"modified":"2022-11-29T11:53:23","modified_gmt":"2022-11-29T10:53:23","slug":"faq","status":"publish","type":"page","link":"https:\/\/gtaqua.de\/index.php\/faq\/","title":{"rendered":"FAQ"},"content":{"rendered":"\n<p class=\"has-extra-small-font-size\">Hier finden Sie Antworten zu oft gestellten Fragen. <\/p>\n\n\n\n<ul class=\"has-extra-small-font-size wp-block-list\">\n<li><strong>Sind GT Aquad\u00fcnger sicher f\u00fcr Fische, Garnelen und Schnecken?<\/strong>\n<ul class=\"wp-block-list\">\n<li>Ja, GT Aquad\u00fcnger sind f\u00fcr alle in Aquarien lebenden Tiere v\u00f6llig unbedenklich, sofern die vom Hersteller angegebenen Dosierungsempfehlungen eingehalten werden.<\/li>\n<\/ul>\n<\/li>\n<\/ul>\n\n\n\n<ul class=\"has-extra-small-font-size wp-block-list\">\n<li><strong>K\u00f6nnen GT Aquad\u00fcnger mit D\u00fcngemitteln\/Zubereitungen anderer Marken verwendet werden?<\/strong>\n<ul class=\"wp-block-list\">\n<li>Ja, Sie k\u00f6nnen GT aqua Pr\u00e4parate mit Produkten anderer Marken kombinieren. Wir empfehlen jedoch, dass die D\u00fcngemittellinie von einem Hersteller stammt. Dann k\u00f6nnen wir sicher sein, dass alle Zutaten in ausgewogenen Mengen an das Aquarium geliefert werden.<\/li>\n<\/ul>\n<\/li>\n<\/ul>\n\n\n\n<ul class=\"has-extra-small-font-size wp-block-list\">\n<li><strong>Ich m\u00f6chte meine aktuellen D\u00fcngemittel auf GT Aquad\u00fcnger umstellen, wie kann ich das am sichersten machen?<\/strong>\n<ul class=\"wp-block-list\">\n<li>Im Falle des Austauschs von D\u00fcngemitteln einer anderen Marke zu GT-Aquad\u00fcngern ist es am besten, dies zu tun, indem Sie 2-3 gr\u00f6\u00dfere Wasserwechsel pro Woche durchf\u00fchren, bevor Sie die Produkte wechseln. Die Idee ist, die Wassers\u00e4ule aus den Zutaten zur\u00fcckzusetzen und einen neuen D\u00fcngeplan mit GT-Aquad\u00fcnger zu starten. Wir m\u00fcssen uns daran erinnern, dass Pflanzen Zeit brauchen, um sich an neue Bedingungen und die Verf\u00fcgbarkeit von Inhaltsstoffen anzupassen, die \u00dcbergangszeit kann etwa 2-3 Wochen dauern. Dies ist weniger wichtig, wenn wir mit separaten Komponenten wie N, P, K d\u00fcngen, in diesem Fall k\u00f6nnen wir einfach unseren D\u00fcngeplan fortsetzen. Die Nullierung der Wassers\u00e4ule ist wichtig bei D\u00fcngemitteln, die aus mehreren Komponenten wie Mikroelementen oder Makroelementen in einer Flasche ausbalanciert sind (sogenannte All-in-One-D\u00fcngemittel).<\/li>\n<\/ul>\n<\/li>\n<\/ul>\n\n\n\n<ul class=\"has-extra-small-font-size wp-block-list\">\n<li><strong>Meine Pflanzen sind in schlechtem Zustand, wann kann ich mit der Wirkung von GT Aquad\u00fcnger rechnen?<\/strong>\n<ul class=\"has-extra-small-font-size wp-block-list\">\n<li>Wenn Ihre Pflanzen unter einem Mangel an N\u00e4hrstoffen leiden, sollten Sie bereits nach wenigen Tagen die ersten Effekte beobachten. Denken Sie daran, Ihre Pflanzen immer mit der richtigen Menge an Licht und konstantem Zugang zu CO2 zu versorgen.<\/li>\n<\/ul>\n<\/li>\n<\/ul>\n\n\n\n<ul class=\"has-extra-small-font-size wp-block-list\">\n<li><strong>Meine Pflanzen sind in einem schlechten Zustand. Ich habe GT Aqua D\u00fcnger verwendet, aber ihr Zustand hat sich nicht verbessert. Sind D\u00fcngemittel wirklich gut?<\/strong>\n<ul class=\"wp-block-list\">\n<li>Wenn Ihre Pflanzen unter einem Mangel an N\u00e4hrstoffen gelitten haben, denken Sie daran, dass abgebaute Bl\u00e4tter ihren Zustand nicht verbessern. Die Bl\u00e4tter von Pflanzen k\u00f6nnen sich nicht regenerieren, daher m\u00fcssen Sie in diesem Fall warten und das Wachstum neuer, gesunder Pflanzenchargen beobachten.<\/li>\n<\/ul>\n<\/li>\n<\/ul>\n\n\n\n<ul class=\"has-extra-small-font-size wp-block-list\">\n<li><strong>Meine Pflanzen haben sich wiederbelebt, aber ihre unteren Bl\u00e4tter sind h\u00e4sslich, was soll ich tun?<\/strong>\n<ul class=\"wp-block-list\">\n<li>In diesem Fall empfehlen wir Ihnen, so viele gesunde Pflanzen wie m\u00f6glich anzubauen. Schneiden Sie w\u00e4hrend des Beschneidens gesunde Pflanzen ab und geben Sie sie in ein Gef\u00e4\u00df mit Wasser. Schneiden Sie dann die degradierten Stiele so nah wie m\u00f6glich am Boden ab. Pflanzen Sie anstelle der geschnittenen Pflanzen neue, gesunde Pflanzenchargen und beobachten Sie, wie sch\u00f6n sie wachsen.<\/li>\n<\/ul>\n<\/li>\n<\/ul>\n\n\n\n<ul class=\"has-extra-small-font-size wp-block-list\">\n<li><strong>Ich verwende Makron\u00e4hrstoffd\u00fcnger, aber ich beobachte immer noch M\u00e4ngel an den unteren Bl\u00e4ttern, sollte ich die Dosen erh\u00f6hen?<\/strong>\n<ul class=\"wp-block-list\">\n<li>Wenn Sie 10-15ppm NO3 pro Woche in das Aquarium dosieren; 1-1.5ppm PO4 und 20-30ppm Kalium Ihre Pflanzen leiden sicherlich nicht unter zu wenig N\u00e4hrstoffen. Das Problem kann in zu dicht gepflanzten Pflanzen liegen, die den Zugang zum Licht der unteren Pflanzenteile behindern. In einem zu dicht bepflanzten Tank kann es auch ein Problem mit der Wasserzirkulation und der Kohlendioxidverteilung geben.<\/li>\n<\/ul>\n<\/li>\n<\/ul>\n\n\n\n<ul class=\"has-extra-small-font-size wp-block-list\">\n<li><strong>Ich dosiere eine zus\u00e4tzliche Dosis Eisen in das Aquarium, aber meine Pflanzen sind immer noch blass, was ist los?<\/strong>\n<ul class=\"wp-block-list\">\n<li>Die F\u00e4rbung von Pflanzen steht in direktem Zusammenhang mit der Bildung geeigneter Farbstoffe in ihren Geweben. Wir m\u00fcssen eine Reihe von Bedingungen erf\u00fcllen, damit Pflanzen sie produzieren k\u00f6nnen. Eisen ist eine der Bedingungen, aber Eisen allein reicht nicht aus. Die Pflanze muss Zugang zu einem erh\u00f6hten Anteil an Magnesium haben, und das Aquarium muss von einem starken Licht der richtigen Farbe beleuchtet werden. Was sehr wichtig ist, ein \u00dcberschuss an stickstoffhaltigen Verbindungen f\u00fchrt zu sch\u00f6nen gr\u00fcnen Farben der Pflanzen, w\u00e4hrend Pflanzen mit einer roten Farbe oranger sind. Wenn Sie rote Pflanzenarten f\u00e4rben m\u00f6chten, halten Sie den Nitratgehalt im Tank niedrig, bis zu einem Maximum von etwa 5 ppm.<\/li>\n<\/ul>\n<\/li>\n<\/ul>\n\n\n\n<ul class=\"has-extra-small-font-size wp-block-list\">\n<li><strong>Muss ich bei der Verwendung von GT Aquad\u00fcnger Wasserparameter mit Aquarientests messen?<\/strong>\n<ul class=\"wp-block-list\">\n<li>Und ja und nein. Wir empfehlen Ihnen, von Zeit zu Zeit Kontrollwassertests durchzuf\u00fchren. Mit der Zeit lernst du, wie dein Tank auf die D\u00fcngung reagiert und du wirst daraus ablesen k\u00f6nnen, was ihm fehlt. Auf der anderen Seite signalisieren Pflanzen M\u00e4ngel oder \u00dcbersch\u00fcsse von Inhaltsstoffen in sehr \u00e4hnlicher Weise und um sicherzustellen, was uns fehlt, sollten Wassertests durchgef\u00fchrt werden. Wir warnen jedoch vor dem absoluten Ablesen von Messergebnissen aus Tests. Aquarientests sind mit erheblichen Fehlern behaftet und zeigen uns eher die Gr\u00f6\u00dfenordnung einer bestimmten Komponente im Wasser als ihren genauen Wert. Zum Beispiel wird die Skala des NO3-Tests alle 10 ppm kalibriert, so dass der Test wahrscheinlich den Wert von 5 und 15 als 10 anzeigt, und dies ist ein ziemlich gro\u00dfer Unterschied bei der Auswahl der Pflanzend\u00fcngung.<\/li>\n<\/ul>\n<\/li>\n<\/ul>\n\n\n\n<ul class=\"has-extra-small-font-size wp-block-list\">\n<li><strong>Nach dem Beschneiden der Pflanzen das Aquarium genauso d\u00fcngen wie vor dem Beschneiden?<\/strong>\n<ul class=\"wp-block-list\">\n<li>Nein, nach einem gro\u00dfen Pflanzenschnitt hat das Gewicht der Pflanzen im Aquarium deutlich abgenommen und damit der Bedarf an N\u00e4hrstoffen. Nach dem Beschneiden empfehlen wir, die Dosen von Stickstoff und Kalium sanft zu erh\u00f6hen, um die Pflanzen zum Wachstum anzuregen und die Dosen von Phosphor und Mikroelementen zu reduzieren. Nach der Bildung neuer Wachstumszapfen f\u00fcgen wir gr\u00f6\u00dfere Dosen von Phosphor und Mikroelementen hinzu. Nachdem wir eine zufriedenstellende Masse von Pflanzen erhalten haben, k\u00f6nnen wir die Stickstoffdosen reduzieren, so dass die Wachstumsrate niedriger und die F\u00e4rbung der roten Pflanzen intensiver ist.<\/li>\n<\/ul>\n<\/li>\n<\/ul>\n\n\n\n<ul class=\"has-extra-small-font-size wp-block-list\">\n<li><strong>Ich habe ein Aquarium auf einem aktiven Substrat, ich dosiere GT aqua Booster P D\u00fcnger (Phosphor), aber die Tests zeigen immer noch 0ppm PO4 in der Wassers\u00e4ule. Sollte ich die D\u00fcngerdosen erh\u00f6hen, um das Gleichgewicht mit Stickstoff und Kalium auszugleichen?<\/strong>\n<ul class=\"wp-block-list\">\n<li>Auf keinen Fall! Das aktive Medium hat die F\u00e4higkeit, Phosphate aus der Wassers\u00e4ule zu absorbieren und diese Komponente in seiner Masse zu akkumulieren. Bis Sie keine M\u00e4ngel dieser Zutat bemerken, bleiben Sie bei Ihrer Befruchtung. Aktive Substrate sind eine ph\u00e4nomenale N\u00e4hrstoffquelle f\u00fcr Pflanzen, aber die D\u00fcngung des Reservoirs erfordert einen etwas anderen Ansatz als der Aquarianer. Wenn eine Zutat nicht in der Wassers\u00e4ule vorhanden ist, bedeutet dies nicht, dass die Pflanze keinen Zugang dazu hat. Bodensubstrate sind eine Art Reserve von D\u00fcngemitteln, die Pflanzen durch die Wurzeln zur Verf\u00fcgung stehen. Stellen wir jedoch sicher, dass Kalium in der Wassers\u00e4ule immer vorhanden ist.<\/li>\n<\/ul>\n<\/li>\n<\/ul>\n\n\n\n<ul class=\"has-extra-small-font-size wp-block-list\">\n<li><strong>Wie w\u00e4hle ich D\u00fcngerdosen w\u00e4hrend der Woche f\u00fcr mein Aquarium aus?<\/strong>\n<ul class=\"wp-block-list\">\n<li>Messen Sie Wasserparameter wie NO3, PO4, K, Fe nach Wassersubstitution. F\u00fcgen Sie dem Aquarium jeden Tag D\u00fcngemittel nach den von Ihnen gew\u00e4hlten Schemata hinzu. Wiederholen Sie die Messungen vor der Substitution und pr\u00fcfen Sie, welche Bestandteile im Wasser ansammeln, welche abgenommen haben und welche unver\u00e4ndert geblieben sind. Dies sind wertvolle Informationen f\u00fcr Sie bei der Korrektur des Befruchtungsschemas. Wiederholen Sie diese Behandlung mehrmals, damit Sie die D\u00fcngung f\u00fcr Ihr Aquarium anpassen k\u00f6nnen. Denken Sie daran, dass das Auftreten von Algen im Aquarium auf eine zu hohe Konzentration von Komponenten im Wasser hinweist.<\/li>\n<\/ul>\n<\/li>\n<\/ul>\n\n\n\n<ul class=\"has-extra-small-font-size wp-block-list\">\n<li><strong>Welche Wasserparameter eignen sich am besten f\u00fcr die Pflanzenz\u00fcchtung?<\/strong>\n<ul class=\"wp-block-list\">\n<li>Es ist sehr schwierig, eine solche Frage eindeutig zu beantworten. Die Suche nach idealen Wasserparametern, die den Anforderungen aller Pflanzen entsprechen, ist wie die Suche nach dem Heiligen Gral. Verschiedene Pflanzenarten haben unterschiedliche Anforderungen an die Wasserqualit\u00e4t. Die \u00fcberwiegende Mehrheit der Pflanzen wird in Wasser mit den folgenden Parametern angebaut:<\/li>\n\n\n\n<li>Ca 20-35ppm<\/li>\n\n\n\n<li>mg 5-15ppm<\/li>\n\n\n\n<li>K 10-25ppm<\/li>\n\n\n\n<li>Die meisten Pflanzen bevorzugen weiches Wasser mit m\u00f6glichst geringer Karbonath\u00e4rte. Halten Sie die Karbonath\u00e4rte auf einem niedrigen Niveau (1-3 dKH) und Sie werden sehen, wie die Pflanzen Sie mit sch\u00f6nem Wachstum zur\u00fcckzahlen werden.<\/li>\n<\/ul>\n<\/li>\n<\/ul>\n\n\n\n<ul class=\"has-extra-small-font-size wp-block-list\">\n<li><strong>Werden die von GT aqua betriebenen Pflanzentanks auf aktiven Untergr\u00fcnden oder auf Kies installiert?<\/strong>\n<ul class=\"wp-block-list\">\n<li>Wir betreiben Tanks in unserem Unternehmen mit dem einen und dem anderen Boden. Wir empfehlen jedoch auf jeden Fall aktive Substrate als reichhaltige Nahrungsgrundlage f\u00fcr Pflanzen.<\/li>\n<\/ul>\n<\/li>\n<\/ul>\n\n\n\n<ul class=\"has-extra-small-font-size wp-block-list\">\n<li><strong>Welches D\u00fcngungsschema verwendet GT aqua in seinen Tanks?<\/strong>\n<ul class=\"wp-block-list\">\n<li>Eine solche Frage ist schwer eindeutig zu beantworten. Jedes Aquarium ist anders, anders beleuchtet, hat ein anderes System der Dosierung und Verteilung von CO2, eine andere Menge an Fischen und verschiedene Pflanzenarten werden darin gez\u00fcchtet, was mit Wasserparametern endet. Wir m\u00fcssen das D\u00fcngungsschema individuell f\u00fcr Ihr Aquarium basierend auf der Beobachtung ausw\u00e4hlen. Aber unter der Annahme, dass wir einen Tank auf einem aktiven Substrat mit einer sehr gro\u00dfen Lichtmenge von guter Qualit\u00e4t haben, dosieren wir gasf\u00f6rmiges Kohlendioxid und achten auf sein konstant hohes Niveau und verwenden Wasser aus dem RO-Filter, und die Menge der gewachsenen Fische ist moderat:<\/li>\n\n\n\n<li>Wir mineralisieren Wasser mit GT aqua Booster GH mit 1ml pro 1 Liter reinem RO-Wasser, was uns die Parameter Ca ca. 30ppm und Mg ca. 10ppm gibt.<\/li>\n\n\n\n<li>Der Kaliumwert wird auf dem Niveau von etwa 15-20ppm, manchmal sogar 25ppm gehalten (der Kaliumspiegel wird nach dem Wasserwechsel wieder aufgef\u00fcllt und wir verwenden kleine Tagesdosen auf dem Niveau von 0,5-1ppm mit GT aqua Booster K)<\/li>\n\n\n\n<li>Mit GT aqua Booster N D\u00fcnger, f\u00fcgen Sie t\u00e4gliche Dosen von NO3 in einer Menge von 0,5-1ppm hinzu, so dass der Pegel in der Wassers\u00e4ule nahe bei 0ppm liegt. Nach dem Trimmen wenden wir leicht erh\u00f6hte Dosen an,<\/li>\n\n\n\n<li>mit GT aqua Booster P D\u00fcnger erg\u00e4nzen wir die Dosen von Phosphor, pro Tag geben wir je nach Kulturpflanzenart etwa 0,1 bis sogar 0,35ppm,<\/li>\n\n\n\n<li>Mikroelemente in unseren Tanks werden unter Ber\u00fccksichtigung von Pflanzenbeobachtungen gegeben, normalerweise geben wir GT aqua Booster Trace in einer Menge von 1 bis 2 ml pro Tag. Wir beobachten die Glasscheiben des Tanks und die Wachstumskegel, wenn die fleckigen Gr\u00fcns schnell erscheinen, reduzieren wir die D\u00fcngerdosis oder geben sie jeden zweiten oder dritten Tag. Wenn keine Gr\u00fcns an den Fenstern sind und die Wachstumszapfen nicht gesund sind, erh\u00f6hen Sie die Dosis aber sehr vorsichtig.<\/li>\n\n\n\n<li>zus\u00e4tzlich dosieren wir Eisen mit GT aqua Booster Fe jeden zweiten Tag in einer Menge von 0,05ppm.<\/li>\n<\/ul>\n<\/li>\n<\/ul>\n\n\n\n<p class=\"has-extra-small-font-size\">Gerne beantworten wir noch weitere Fragen die Sie uns per Email zukommen lassen:<\/p>\n\n\n\n<p class=\"has-text-align-center\"><strong>info@gtaqua.de<\/strong><\/p>\n\n\n\n<p class=\"has-extra-small-font-size\">Weiterhin besteht die M\u00f6glichkeit eigene Kommentare, Anregungen, Hinweise und Tipps auf unserem Blog hier unten zu hinterlassen. Einfach eintragen und wir pr\u00fcfen dann den Inhalt der Kommentare zur Freigabe. Sicherlich hilft es vielen anderen Aquarianern.<\/p>\n\n\n\n<p>Vielen Dank.<\/p>\n","protected":false},"excerpt":{"rendered":"<p>Hier finden Sie Antworten zu oft gestellten Fragen. Gerne beantworten wir noch weitere Fragen die Sie uns per Email zukommen lassen: info@gtaqua.de Weiterhin besteht die M\u00f6glichkeit eigene Kommentare, Anregungen, Hinweise und Tipps auf unserem Blog hier unten zu hinterlassen. Einfach eintragen und wir pr\u00fcfen dann den Inhalt der Kommentare zur Freigabe. Sicherlich hilft es vielen&hellip; <a class=\"more-link\" href=\"https:\/\/gtaqua.de\/index.php\/faq\/\">Continue reading <span class=\"screen-reader-text\">FAQ<\/span><\/a><\/p>\n","protected":false},"author":1,"featured_media":0,"parent":0,"menu_order":0,"comment_status":"open","ping_status":"closed","template":"","meta":{"footnotes":""},"class_list":["post-126","page","type-page","status-publish","hentry","entry"],"_links":{"self":[{"href":"https:\/\/gtaqua.de\/index.php\/wp-json\/wp\/v2\/pages\/126","targetHints":{"allow":["GET"]}}],"collection":[{"href":"https:\/\/gtaqua.de\/index.php\/wp-json\/wp\/v2\/pages"}],"about":[{"href":"https:\/\/gtaqua.de\/index.php\/wp-json\/wp\/v2\/types\/page"}],"author":[{"embeddable":true,"href":"https:\/\/gtaqua.de\/index.php\/wp-json\/wp\/v2\/users\/1"}],"replies":[{"embeddable":true,"href":"https:\/\/gtaqua.de\/index.php\/wp-json\/wp\/v2\/comments?post=126"}],"version-history":[{"count":11,"href":"https:\/\/gtaqua.de\/index.php\/wp-json\/wp\/v2\/pages\/126\/revisions"}],"predecessor-version":[{"id":209,"href":"https:\/\/gtaqua.de\/index.php\/wp-json\/wp\/v2\/pages\/126\/revisions\/209"}],"wp:attachment":[{"href":"https:\/\/gtaqua.de\/index.php\/wp-json\/wp\/v2\/media?parent=126"}],"curies":[{"name":"wp","href":"https:\/\/api.w.org\/{rel}","templated":true}]}}