{"id":13,"date":"2022-11-15T17:10:51","date_gmt":"2022-11-15T16:10:51","guid":{"rendered":"http:\/\/gtaqua.de\/?page_id=13"},"modified":"2022-11-16T17:00:51","modified_gmt":"2022-11-16T16:00:51","slug":"ueber-uns","status":"publish","type":"page","link":"https:\/\/gtaqua.de\/index.php\/ueber-uns\/","title":{"rendered":"\u00dcber uns"},"content":{"rendered":"\n<figure class=\"wp-block-image size-full is-resized\"><img loading=\"lazy\" decoding=\"async\" src=\"http:\/\/gtaqua.de\/wp-content\/uploads\/2022\/11\/plants_background_5.jpg\" alt=\"\" class=\"wp-image-53\" width=\"450\" height=\"600\" srcset=\"https:\/\/gtaqua.de\/wp-content\/uploads\/2022\/11\/plants_background_5.jpg 600w, https:\/\/gtaqua.de\/wp-content\/uploads\/2022\/11\/plants_background_5-225x300.jpg 225w\" sizes=\"auto, (max-width: 450px) 100vw, 450px\" \/><\/figure>\n\n\n\n<p>GT Aqua besteht aus Aquaristik-Enthusiasten, f\u00fcr die die Sch\u00f6nheit der Unterwasserwelt etwas Besonderes ist. Aus der langj\u00e4hrigen Erfahrung im Betrieb von Pflanzentanks entstand die Idee, einzigartige Produkte f\u00fcr die gleichen Enthusiasten wie wir zu schaffen. Wir bem\u00fchen uns, dass alle unsere Produkte den Erwartungen anspruchsvoller Aquarianer entsprechen.<\/p>\n\n\n\n<p>Die Marke GT aqua ist in Deutschland im Exklusiv-Vertrieb von <\/p>\n\n\n\n<p class=\"has-text-align-center\">Terre et Beaut\u00e9 UG.<\/p>\n\n\n\n<p>Der Vertrieb und Distribution erfolgt \u00fcber den Fachhandel.<\/p>\n\n\n\n<p>Gerne stehen wir Ihnen f\u00fcr Fragen und Anregungen zur Verf\u00fcgung.<\/p>\n","protected":false},"excerpt":{"rendered":"<p>GT Aqua besteht aus Aquaristik-Enthusiasten, f\u00fcr die die Sch\u00f6nheit der Unterwasserwelt etwas Besonderes ist. Aus der langj\u00e4hrigen Erfahrung im Betrieb von Pflanzentanks entstand die Idee, einzigartige Produkte f\u00fcr die gleichen Enthusiasten wie wir zu schaffen. Wir bem\u00fchen uns, dass alle unsere Produkte den Erwartungen anspruchsvoller Aquarianer entsprechen. Die Marke GT aqua ist in Deutschland im&hellip; <a class=\"more-link\" href=\"https:\/\/gtaqua.de\/index.php\/ueber-uns\/\">Continue reading <span class=\"screen-reader-text\">\u00dcber uns<\/span><\/a><\/p>\n","protected":false},"author":1,"featured_media":0,"parent":0,"menu_order":0,"comment_status":"closed","ping_status":"closed","template":"","meta":{"footnotes":""},"class_list":["post-13","page","type-page","status-publish","hentry","entry"],"_links":{"self":[{"href":"https:\/\/gtaqua.de\/index.php\/wp-json\/wp\/v2\/pages\/13","targetHints":{"allow":["GET"]}}],"collection":[{"href":"https:\/\/gtaqua.de\/index.php\/wp-json\/wp\/v2\/pages"}],"about":[{"href":"https:\/\/gtaqua.de\/index.php\/wp-json\/wp\/v2\/types\/page"}],"author":[{"embeddable":true,"href":"https:\/\/gtaqua.de\/index.php\/wp-json\/wp\/v2\/users\/1"}],"replies":[{"embeddable":true,"href":"https:\/\/gtaqua.de\/index.php\/wp-json\/wp\/v2\/comments?post=13"}],"version-history":[{"count":4,"href":"https:\/\/gtaqua.de\/index.php\/wp-json\/wp\/v2\/pages\/13\/revisions"}],"predecessor-version":[{"id":172,"href":"https:\/\/gtaqua.de\/index.php\/wp-json\/wp\/v2\/pages\/13\/revisions\/172"}],"wp:attachment":[{"href":"https:\/\/gtaqua.de\/index.php\/wp-json\/wp\/v2\/media?parent=13"}],"curies":[{"name":"wp","href":"https:\/\/api.w.org\/{rel}","templated":true}]}}