{"id":153,"date":"2022-11-16T16:34:09","date_gmt":"2022-11-16T15:34:09","guid":{"rendered":"http:\/\/gtaqua.de\/?page_id=153"},"modified":"2022-11-16T18:23:07","modified_gmt":"2022-11-16T17:23:07","slug":"unsere-rezepturen","status":"publish","type":"page","link":"https:\/\/gtaqua.de\/index.php\/unsere-rezepturen\/","title":{"rendered":"Unsere Rezepturen"},"content":{"rendered":"\n<div class=\"wp-block-cover alignwide\" style=\"min-height:446px;aspect-ratio:unset;\"><span aria-hidden=\"true\" class=\"wp-block-cover__background has-background-dim\"><\/span><img loading=\"lazy\" decoding=\"async\" width=\"600\" height=\"800\" class=\"wp-block-cover__image-background wp-image-50\" alt=\"\" src=\"http:\/\/gtaqua.de\/wp-content\/uploads\/2022\/11\/plants_background_2.jpg\" data-object-fit=\"cover\" srcset=\"https:\/\/gtaqua.de\/wp-content\/uploads\/2022\/11\/plants_background_2.jpg 600w, https:\/\/gtaqua.de\/wp-content\/uploads\/2022\/11\/plants_background_2-225x300.jpg 225w\" sizes=\"auto, (max-width: 600px) 100vw, 600px\" \/><div class=\"wp-block-cover__inner-container is-layout-flow wp-block-cover-is-layout-flow\">\n<p class=\"has-text-align-center has-large-font-size\"><strong>F\u00dcR DEIN GESUNDES AQUARIUM<\/strong><\/p>\n<\/div><\/div>\n\n\n\n<p><strong>Langj\u00e4hrige Erfahrung im Betrieb von Pflanzentanks hat zur Herstellung von Produkten mit einer einzigartigen Rezeptur gef\u00fchrt.<\/strong><\/p>\n\n\n\n<div class=\"wp-block-columns is-layout-flex wp-container-core-columns-is-layout-9d6595d7 wp-block-columns-is-layout-flex\">\n<div class=\"wp-block-column is-layout-flow wp-block-column-is-layout-flow\">\n<figure class=\"wp-block-image size-full is-resized\"><img loading=\"lazy\" decoding=\"async\" src=\"http:\/\/gtaqua.de\/wp-content\/uploads\/2022\/11\/plants_background_4.jpg\" alt=\"\" class=\"wp-image-52\" width=\"218\" height=\"290\" srcset=\"https:\/\/gtaqua.de\/wp-content\/uploads\/2022\/11\/plants_background_4.jpg 600w, https:\/\/gtaqua.de\/wp-content\/uploads\/2022\/11\/plants_background_4-225x300.jpg 225w\" sizes=\"auto, (max-width: 218px) 100vw, 218px\" \/><\/figure>\n<\/div>\n\n\n\n<div class=\"wp-block-column is-vertically-aligned-top is-layout-flow wp-block-column-is-layout-flow\">\n<figure class=\"wp-block-image size-full is-resized\"><img loading=\"lazy\" decoding=\"async\" src=\"http:\/\/gtaqua.de\/wp-content\/uploads\/2022\/11\/plants_background_5.jpg\" alt=\"\" class=\"wp-image-53\" width=\"218\" height=\"291\" srcset=\"https:\/\/gtaqua.de\/wp-content\/uploads\/2022\/11\/plants_background_5.jpg 600w, https:\/\/gtaqua.de\/wp-content\/uploads\/2022\/11\/plants_background_5-225x300.jpg 225w\" sizes=\"auto, (max-width: 218px) 100vw, 218px\" \/><\/figure>\n<\/div>\n\n\n\n<div class=\"wp-block-column is-vertically-aligned-top is-layout-flow wp-block-column-is-layout-flow\">\n<figure class=\"wp-block-image size-full is-resized\"><img loading=\"lazy\" decoding=\"async\" src=\"http:\/\/gtaqua.de\/wp-content\/uploads\/2022\/11\/plants_background_3.jpg\" alt=\"\" class=\"wp-image-51\" width=\"218\" height=\"290\" srcset=\"https:\/\/gtaqua.de\/wp-content\/uploads\/2022\/11\/plants_background_3.jpg 600w, https:\/\/gtaqua.de\/wp-content\/uploads\/2022\/11\/plants_background_3-225x300.jpg 225w\" sizes=\"auto, (max-width: 218px) 100vw, 218px\" \/><\/figure>\n<\/div>\n<\/div>\n\n\n\n<p class=\"has-extra-small-font-size\">Die Zusammensetzung unserer D\u00fcngemittel wurde f\u00fcr verschiedene Arten von Pflanzentanks richtig ausgew\u00e4hlt.<\/p>\n\n\n\n<p class=\"has-extra-small-font-size\">Die Wahl der richtigen Proportionen f\u00fcr D\u00fcngemittel war nicht einfach. Bei diesem Prozess haben wir sogar die Zusammensetzung des in verschiedenen Regionen des Landes verf\u00fcgbaren Leitungswassers ber\u00fccksichtigt. Die systematische Arbeit an der Entwicklung unserer Produkte erm\u00f6glichte es uns, eine D\u00fcngemittellinie speziell f\u00fcr den polnischen Markt zu schaffen.<\/p>\n\n\n\n<p class=\"has-extra-small-font-size\">Die Entwicklungsarbeit an der Rezeptur unserer D\u00fcngemittel ist st\u00e4ndig im Gange. Wir versuchen, sie zu verbessern, um das bestm\u00f6gliche Produkt anzubieten, das wir auch selbst verwenden. Wir h\u00f6ren gerne auf die Meinungen unserer Kunden und ihre Bed\u00fcrfnisse. Viele professionelle Aquarianer haben uns bereits vertraut, jetzt ist es Zeit f\u00fcr Sie.<\/p>\n\n\n\n<hr class=\"wp-block-separator has-text-color has-alpha-channel-opacity has-background is-style-twentytwentyone-separator-thick\" style=\"background-color:#3641d2;color:#3641d2\"\/>\n\n\n\n<figure class=\"wp-block-image size-full\"><img loading=\"lazy\" decoding=\"async\" width=\"600\" height=\"464\" src=\"http:\/\/gtaqua.de\/wp-content\/uploads\/2022\/11\/gt-aqua-range-1.jpeg\" alt=\"GTaqua Produkte\" class=\"wp-image-74\" srcset=\"https:\/\/gtaqua.de\/wp-content\/uploads\/2022\/11\/gt-aqua-range-1.jpeg 600w, https:\/\/gtaqua.de\/wp-content\/uploads\/2022\/11\/gt-aqua-range-1-300x232.jpeg 300w\" sizes=\"auto, (max-width: 600px) 100vw, 600px\" \/><figcaption class=\"wp-element-caption\"><strong>GTaqua Produkte<\/strong><\/figcaption><\/figure>\n\n\n\n<figure class=\"wp-block-image alignfull size-large\"><img loading=\"lazy\" decoding=\"async\" width=\"1024\" height=\"474\" src=\"http:\/\/gtaqua.de\/wp-content\/uploads\/2022\/11\/plants_background_6-1024x474.jpeg\" alt=\"\" class=\"wp-image-54\" srcset=\"https:\/\/gtaqua.de\/wp-content\/uploads\/2022\/11\/plants_background_6-1024x474.jpeg 1024w, https:\/\/gtaqua.de\/wp-content\/uploads\/2022\/11\/plants_background_6-300x139.jpeg 300w, https:\/\/gtaqua.de\/wp-content\/uploads\/2022\/11\/plants_background_6-768x356.jpeg 768w, https:\/\/gtaqua.de\/wp-content\/uploads\/2022\/11\/plants_background_6.jpeg 1080w\" sizes=\"auto, (max-width: 1024px) 100vw, 1024px\" \/><\/figure>\n","protected":false},"excerpt":{"rendered":"<p>Langj\u00e4hrige Erfahrung im Betrieb von Pflanzentanks hat zur Herstellung von Produkten mit einer einzigartigen Rezeptur gef\u00fchrt. Die Zusammensetzung unserer D\u00fcngemittel wurde f\u00fcr verschiedene Arten von Pflanzentanks richtig ausgew\u00e4hlt. Die Wahl der richtigen Proportionen f\u00fcr D\u00fcngemittel war nicht einfach. Bei diesem Prozess haben wir sogar die Zusammensetzung des in verschiedenen Regionen des Landes verf\u00fcgbaren Leitungswassers ber\u00fccksichtigt.&hellip; <a class=\"more-link\" href=\"https:\/\/gtaqua.de\/index.php\/unsere-rezepturen\/\">Continue reading <span class=\"screen-reader-text\">Unsere Rezepturen<\/span><\/a><\/p>\n","protected":false},"author":1,"featured_media":0,"parent":0,"menu_order":0,"comment_status":"closed","ping_status":"closed","template":"","meta":{"footnotes":""},"class_list":["post-153","page","type-page","status-publish","hentry","entry"],"_links":{"self":[{"href":"https:\/\/gtaqua.de\/index.php\/wp-json\/wp\/v2\/pages\/153","targetHints":{"allow":["GET"]}}],"collection":[{"href":"https:\/\/gtaqua.de\/index.php\/wp-json\/wp\/v2\/pages"}],"about":[{"href":"https:\/\/gtaqua.de\/index.php\/wp-json\/wp\/v2\/types\/page"}],"author":[{"embeddable":true,"href":"https:\/\/gtaqua.de\/index.php\/wp-json\/wp\/v2\/users\/1"}],"replies":[{"embeddable":true,"href":"https:\/\/gtaqua.de\/index.php\/wp-json\/wp\/v2\/comments?post=153"}],"version-history":[{"count":9,"href":"https:\/\/gtaqua.de\/index.php\/wp-json\/wp\/v2\/pages\/153\/revisions"}],"predecessor-version":[{"id":204,"href":"https:\/\/gtaqua.de\/index.php\/wp-json\/wp\/v2\/pages\/153\/revisions\/204"}],"wp:attachment":[{"href":"https:\/\/gtaqua.de\/index.php\/wp-json\/wp\/v2\/media?parent=153"}],"curies":[{"name":"wp","href":"https:\/\/api.w.org\/{rel}","templated":true}]}}